{"id":2,"date":"2022-12-11T00:24:14","date_gmt":"2022-12-11T00:24:14","guid":{"rendered":"http:\/\/lexileggings.com\/?page_id=2"},"modified":"2023-10-11T11:48:42","modified_gmt":"2023-10-11T11:48:42","slug":"cambios-y-devoluciones","status":"publish","type":"page","link":"https:\/\/lexileggings.com\/index.php\/cambios-y-devoluciones\/","title":{"rendered":"Pol\u00edtica de cambios y devoluciones"},"content":{"rendered":"<p>\n\n\n<\/p>\n<h2 class=\"wp-block-heading\"><strong>Pol\u00edtica de cambios y devoluciones Lexi Leggings 202<\/strong>3<\/h2>\n<p>\n\n\n\n<\/p>\n<p style=\"font-size: 16px; font-style: normal; border-style: solid; border-color: rgb(217, 217, 227); margin-top: 1.25em; margin-bottom: 1.25em; caret-color: rgb(55, 65, 81); color: rgb(55, 65, 81); font-family: S\u00f6hne, ui-sans-serif, system-ui, -apple-system, &quot;Segoe UI&quot;, Roboto, Ubuntu, Cantarell, &quot;Noto Sans&quot;, sans-serif, &quot;Helvetica Neue&quot;, Arial, &quot;Apple Color Emoji&quot;, &quot;Segoe UI Emoji&quot;, &quot;Segoe UI Symbol&quot;, &quot;Noto Color Emoji&quot;; white-space: pre-wrap;\">En Lexi Leggings, nos preocupamos por la satisfacci\u00f3n de nuestros clientes y queremos brindarles una experiencia de compra excepcional. Por lo tanto, hemos establecido la siguiente pol\u00edtica de cambios y devoluciones para garantizar que est\u00e9 satisfecho con su compra de leggings de nuestra marca.<\/p><ol style=\"font-size: 16px; font-style: normal; border-style: solid; border-color: rgb(217, 217, 227); margin-top: 1.25em; margin-bottom: 1.25em; margin-left: 0px; padding-left: 1rem; counter-reset: item 0; display: flex; flex-direction: column; caret-color: rgb(55, 65, 81); color: rgb(55, 65, 81); font-family: S\u00f6hne, ui-sans-serif, system-ui, -apple-system, &quot;Segoe UI&quot;, Roboto, Ubuntu, Cantarell, &quot;Noto Sans&quot;, sans-serif, &quot;Helvetica Neue&quot;, Arial, &quot;Apple Color Emoji&quot;, &quot;Segoe UI Emoji&quot;, &quot;Segoe UI Symbol&quot;, &quot;Noto Color Emoji&quot;; white-space: pre-wrap;\"><li style=\"border-style: solid; border-color: rgb(217, 217, 227); --tw-border-spacing-x: 0; --tw-border-spacing-y: 0; --tw-translate-x: 0; --tw-translate-y: 0; --tw-rotate: 0; --tw-skew-x: 0; --tw-skew-y: 0; --tw-scale-x: 1; --tw-scale-y: 1; --tw-pan-x: ; --tw-pan-y: ; --tw-pinch-zoom: ; --tw-scroll-snap-strictness: proximity; --tw-gradient-from-position: ; --tw-gradient-via-position: ; --tw-gradient-to-position: ; --tw-ordinal: ; --tw-slashed-zero: ; --tw-numeric-figure: ; --tw-numeric-spacing: ; --tw-numeric-fraction: ; --tw-ring-inset: ; --tw-ring-offset-width: 0px; --tw-ring-offset-color: #fff; --tw-ring-color: rgba(69,89,164,0.5); --tw-ring-offset-shadow: 0 0 transparent; --tw-ring-shadow: 0 0 transparent; --tw-shadow: 0 0 transparent; --tw-shadow-colored: 0 0 transparent; --tw-blur: ; --tw-brightness: ; --tw-contrast: ; --tw-grayscale: ; --tw-hue-rotate: ; --tw-invert: ; --tw-saturate: ; --tw-sepia: ; --tw-drop-shadow: ; --tw-backdrop-blur: ; --tw-backdrop-brightness: ; --tw-backdrop-contrast: ; --tw-backdrop-grayscale: ; --tw-backdrop-hue-rotate: ; --tw-backdrop-invert: ; --tw-backdrop-opacity: ; --tw-backdrop-saturate: ; --tw-backdrop-sepia: ; padding-left: 0.375em;\">Cambios de Producto:<\/li><\/ol><p style=\"font-size: 16px; font-style: normal; border-style: solid; border-color: rgb(217, 217, 227); margin-top: 1.25em; margin-bottom: 1.25em; caret-color: rgb(55, 65, 81); color: rgb(55, 65, 81); font-family: S\u00f6hne, ui-sans-serif, system-ui, -apple-system, &quot;Segoe UI&quot;, Roboto, Ubuntu, Cantarell, &quot;Noto Sans&quot;, sans-serif, &quot;Helvetica Neue&quot;, Arial, &quot;Apple Color Emoji&quot;, &quot;Segoe UI Emoji&quot;, &quot;Segoe UI Symbol&quot;, &quot;Noto Color Emoji&quot;; white-space: pre-wrap;\">1.1 Los cambios de producto solo se realizar\u00e1n dentro de los primeros 30 d\u00edas a partir de la fecha de recepci\u00f3n de los leggings por parte del cliente.<\/p><p style=\"font-size: 16px; font-style: normal; border-style: solid; border-color: rgb(217, 217, 227); margin-top: 1.25em; margin-bottom: 1.25em; caret-color: rgb(55, 65, 81); color: rgb(55, 65, 81); font-family: S\u00f6hne, ui-sans-serif, system-ui, -apple-system, &quot;Segoe UI&quot;, Roboto, Ubuntu, Cantarell, &quot;Noto Sans&quot;, sans-serif, &quot;Helvetica Neue&quot;, Arial, &quot;Apple Color Emoji&quot;, &quot;Segoe UI Emoji&quot;, &quot;Segoe UI Symbol&quot;, &quot;Noto Color Emoji&quot;; white-space: pre-wrap;\">1.2 Los leggings deben ser devueltos en su estado original, sin haber sido usados y con todas las etiquetas y empaques originales intactos.<\/p><p style=\"font-size: 16px; font-style: normal; border-style: solid; border-color: rgb(217, 217, 227); margin-top: 1.25em; margin-bottom: 1.25em; caret-color: rgb(55, 65, 81); color: rgb(55, 65, 81); font-family: S\u00f6hne, ui-sans-serif, system-ui, -apple-system, &quot;Segoe UI&quot;, Roboto, Ubuntu, Cantarell, &quot;Noto Sans&quot;, sans-serif, &quot;Helvetica Neue&quot;, Arial, &quot;Apple Color Emoji&quot;, &quot;Segoe UI Emoji&quot;, &quot;Segoe UI Symbol&quot;, &quot;Noto Color Emoji&quot;; white-space: pre-wrap;\">1.3 Los cambios de producto solo se aceptar\u00e1n para leggings de la marca Lexi Leggings. No se realizar\u00e1n cambios para productos de otras marcas.<\/p><p style=\"font-size: 16px; font-style: normal; border-style: solid; border-color: rgb(217, 217, 227); margin-top: 1.25em; margin-bottom: 1.25em; caret-color: rgb(55, 65, 81); color: rgb(55, 65, 81); font-family: S\u00f6hne, ui-sans-serif, system-ui, -apple-system, &quot;Segoe UI&quot;, Roboto, Ubuntu, Cantarell, &quot;Noto Sans&quot;, sans-serif, &quot;Helvetica Neue&quot;, Arial, &quot;Apple Color Emoji&quot;, &quot;Segoe UI Emoji&quot;, &quot;Segoe UI Symbol&quot;, &quot;Noto Color Emoji&quot;; white-space: pre-wrap;\">1.4 Los cambios est\u00e1n sujetos a disponibilidad de stock. Si el art\u00edculo solicitado para el cambio no est\u00e1 disponible, se ofrecer\u00e1 al cliente la opci\u00f3n de elegir otro art\u00edculo de valor similar o recibir un reembolso.<\/p><p style=\"font-size: 16px; font-style: normal; border-style: solid; border-color: rgb(217, 217, 227); margin-top: 1.25em; margin-bottom: 1.25em; caret-color: rgb(55, 65, 81); color: rgb(55, 65, 81); font-family: S\u00f6hne, ui-sans-serif, system-ui, -apple-system, &quot;Segoe UI&quot;, Roboto, Ubuntu, Cantarell, &quot;Noto Sans&quot;, sans-serif, &quot;Helvetica Neue&quot;, Arial, &quot;Apple Color Emoji&quot;, &quot;Segoe UI Emoji&quot;, &quot;Segoe UI Symbol&quot;, &quot;Noto Color Emoji&quot;; white-space: pre-wrap;\">1.5 Los gastos de env\u00edo para la devoluci\u00f3n de los leggings y el env\u00edo del nuevo producto correr\u00e1n por cuenta del cliente, a menos que el cambio se deba a un error de Lexi Leggings (por ejemplo, env\u00edo incorrecto o producto defectuoso).<\/p><ol start=\"2\" style=\"font-size: 16px; font-style: normal; border-style: solid; border-color: rgb(217, 217, 227); margin-top: 1.25em; margin-bottom: 1.25em; margin-left: 0px; padding-left: 1rem; counter-reset: item 0; display: flex; flex-direction: column; caret-color: rgb(55, 65, 81); color: rgb(55, 65, 81); font-family: S\u00f6hne, ui-sans-serif, system-ui, -apple-system, &quot;Segoe UI&quot;, Roboto, Ubuntu, Cantarell, &quot;Noto Sans&quot;, sans-serif, &quot;Helvetica Neue&quot;, Arial, &quot;Apple Color Emoji&quot;, &quot;Segoe UI Emoji&quot;, &quot;Segoe UI Symbol&quot;, &quot;Noto Color Emoji&quot;; white-space: pre-wrap;\"><li style=\"border-style: solid; border-color: rgb(217, 217, 227); --tw-border-spacing-x: 0; --tw-border-spacing-y: 0; --tw-translate-x: 0; --tw-translate-y: 0; --tw-rotate: 0; --tw-skew-x: 0; --tw-skew-y: 0; --tw-scale-x: 1; --tw-scale-y: 1; --tw-pan-x: ; --tw-pan-y: ; --tw-pinch-zoom: ; --tw-scroll-snap-strictness: proximity; --tw-gradient-from-position: ; --tw-gradient-via-position: ; --tw-gradient-to-position: ; --tw-ordinal: ; --tw-slashed-zero: ; --tw-numeric-figure: ; --tw-numeric-spacing: ; --tw-numeric-fraction: ; --tw-ring-inset: ; --tw-ring-offset-width: 0px; --tw-ring-offset-color: #fff; --tw-ring-color: rgba(69,89,164,0.5); --tw-ring-offset-shadow: 0 0 transparent; --tw-ring-shadow: 0 0 transparent; --tw-shadow: 0 0 transparent; --tw-shadow-colored: 0 0 transparent; --tw-blur: ; --tw-brightness: ; --tw-contrast: ; --tw-grayscale: ; --tw-hue-rotate: ; --tw-invert: ; --tw-saturate: ; --tw-sepia: ; --tw-drop-shadow: ; --tw-backdrop-blur: ; --tw-backdrop-brightness: ; --tw-backdrop-contrast: ; --tw-backdrop-grayscale: ; --tw-backdrop-hue-rotate: ; --tw-backdrop-invert: ; --tw-backdrop-opacity: ; --tw-backdrop-saturate: ; --tw-backdrop-sepia: ; padding-left: 0.375em;\">Devoluciones:<\/li><\/ol><p style=\"font-size: 16px; font-style: normal; border-style: solid; border-color: rgb(217, 217, 227); margin-top: 1.25em; margin-bottom: 1.25em; caret-color: rgb(55, 65, 81); color: rgb(55, 65, 81); font-family: S\u00f6hne, ui-sans-serif, system-ui, -apple-system, &quot;Segoe UI&quot;, Roboto, Ubuntu, Cantarell, &quot;Noto Sans&quot;, sans-serif, &quot;Helvetica Neue&quot;, Arial, &quot;Apple Color Emoji&quot;, &quot;Segoe UI Emoji&quot;, &quot;Segoe UI Symbol&quot;, &quot;Noto Color Emoji&quot;; white-space: pre-wrap;\">2.1 Las devoluciones solo se aceptar\u00e1n dentro de los primeros 30 d\u00edas a partir de la fecha de recepci\u00f3n de los leggings por parte del cliente.<\/p><p style=\"font-size: 16px; font-style: normal; border-style: solid; border-color: rgb(217, 217, 227); margin-top: 1.25em; margin-bottom: 1.25em; caret-color: rgb(55, 65, 81); color: rgb(55, 65, 81); font-family: S\u00f6hne, ui-sans-serif, system-ui, -apple-system, &quot;Segoe UI&quot;, Roboto, Ubuntu, Cantarell, &quot;Noto Sans&quot;, sans-serif, &quot;Helvetica Neue&quot;, Arial, &quot;Apple Color Emoji&quot;, &quot;Segoe UI Emoji&quot;, &quot;Segoe UI Symbol&quot;, &quot;Noto Color Emoji&quot;; white-space: pre-wrap;\">2.2 Las devoluciones solo se aceptar\u00e1n si los leggings no han sido usados, y se encuentran en su estado original con todas las etiquetas y empaques originales intactos.<\/p><p style=\"font-size: 16px; font-style: normal; border-style: solid; border-color: rgb(217, 217, 227); margin-top: 1.25em; margin-bottom: 1.25em; caret-color: rgb(55, 65, 81); color: rgb(55, 65, 81); font-family: S\u00f6hne, ui-sans-serif, system-ui, -apple-system, &quot;Segoe UI&quot;, Roboto, Ubuntu, Cantarell, &quot;Noto Sans&quot;, sans-serif, &quot;Helvetica Neue&quot;, Arial, &quot;Apple Color Emoji&quot;, &quot;Segoe UI Emoji&quot;, &quot;Segoe UI Symbol&quot;, &quot;Noto Color Emoji&quot;; white-space: pre-wrap;\">2.3 Las devoluciones se realizar\u00e1n mediante el reembolso del monto pagado por los leggings, excluyendo los gastos de env\u00edo originales. El reembolso se realizar\u00e1 utilizando el mismo m\u00e9todo de pago utilizado en la compra original, a menos que se acuerde lo contrario con el cliente.<\/p><p style=\"font-size: 16px; font-style: normal; border-style: solid; border-color: rgb(217, 217, 227); margin-top: 1.25em; margin-bottom: 1.25em; caret-color: rgb(55, 65, 81); color: rgb(55, 65, 81); font-family: S\u00f6hne, ui-sans-serif, system-ui, -apple-system, &quot;Segoe UI&quot;, Roboto, Ubuntu, Cantarell, &quot;Noto Sans&quot;, sans-serif, &quot;Helvetica Neue&quot;, Arial, &quot;Apple Color Emoji&quot;, &quot;Segoe UI Emoji&quot;, &quot;Segoe UI Symbol&quot;, &quot;Noto Color Emoji&quot;; white-space: pre-wrap;\">2.4 Los gastos de env\u00edo para la devoluci\u00f3n de los leggings correr\u00e1n por cuenta del cliente, a menos que la devoluci\u00f3n sea debido a un error de Lexi Leggings (por ejemplo, producto defectuoso o env\u00edo incorrecto).<\/p><ol start=\"3\" style=\"font-size: 16px; font-style: normal; border-style: solid; border-color: rgb(217, 217, 227); margin-top: 1.25em; margin-bottom: 1.25em; margin-left: 0px; padding-left: 1rem; counter-reset: item 0; display: flex; flex-direction: column; caret-color: rgb(55, 65, 81); color: rgb(55, 65, 81); font-family: S\u00f6hne, ui-sans-serif, system-ui, -apple-system, &quot;Segoe UI&quot;, Roboto, Ubuntu, Cantarell, &quot;Noto Sans&quot;, sans-serif, &quot;Helvetica Neue&quot;, Arial, &quot;Apple Color Emoji&quot;, &quot;Segoe UI Emoji&quot;, &quot;Segoe UI Symbol&quot;, &quot;Noto Color Emoji&quot;; white-space: pre-wrap;\"><li style=\"border-style: solid; border-color: rgb(217, 217, 227); --tw-border-spacing-x: 0; --tw-border-spacing-y: 0; --tw-translate-x: 0; --tw-translate-y: 0; --tw-rotate: 0; --tw-skew-x: 0; --tw-skew-y: 0; --tw-scale-x: 1; --tw-scale-y: 1; --tw-pan-x: ; --tw-pan-y: ; --tw-pinch-zoom: ; --tw-scroll-snap-strictness: proximity; --tw-gradient-from-position: ; --tw-gradient-via-position: ; --tw-gradient-to-position: ; --tw-ordinal: ; --tw-slashed-zero: ; --tw-numeric-figure: ; --tw-numeric-spacing: ; --tw-numeric-fraction: ; --tw-ring-inset: ; --tw-ring-offset-width: 0px; --tw-ring-offset-color: #fff; --tw-ring-color: rgba(69,89,164,0.5); --tw-ring-offset-shadow: 0 0 transparent; --tw-ring-shadow: 0 0 transparent; --tw-shadow: 0 0 transparent; --tw-shadow-colored: 0 0 transparent; --tw-blur: ; --tw-brightness: ; --tw-contrast: ; --tw-grayscale: ; --tw-hue-rotate: ; --tw-invert: ; --tw-saturate: ; --tw-sepia: ; --tw-drop-shadow: ; --tw-backdrop-blur: ; --tw-backdrop-brightness: ; --tw-backdrop-contrast: ; --tw-backdrop-grayscale: ; --tw-backdrop-hue-rotate: ; --tw-backdrop-invert: ; --tw-backdrop-opacity: ; --tw-backdrop-saturate: ; --tw-backdrop-sepia: ; padding-left: 0.375em;\">Proceso de Cambios y Devoluciones:<\/li><\/ol><p style=\"font-size: 16px; font-style: normal; border-style: solid; border-color: rgb(217, 217, 227); margin-top: 1.25em; margin-bottom: 1.25em; caret-color: rgb(55, 65, 81); color: rgb(55, 65, 81); font-family: S\u00f6hne, ui-sans-serif, system-ui, -apple-system, &quot;Segoe UI&quot;, Roboto, Ubuntu, Cantarell, &quot;Noto Sans&quot;, sans-serif, &quot;Helvetica Neue&quot;, Arial, &quot;Apple Color Emoji&quot;, &quot;Segoe UI Emoji&quot;, &quot;Segoe UI Symbol&quot;, &quot;Noto Color Emoji&quot;; white-space: pre-wrap;\">3.1 Para solicitar un cambio o devoluci\u00f3n, el cliente deber\u00e1 ponerse en contacto con nuestro servicio de atenci\u00f3n al cliente dentro de los primeros 30 d\u00edas desde la recepci\u00f3n de los leggings. Se proporcionar\u00e1n instrucciones detalladas sobre el proceso de devoluci\u00f3n.<\/p><p style=\"font-size: 16px; font-style: normal; border-style: solid; border-color: rgb(217, 217, 227); margin-top: 1.25em; margin-bottom: 1.25em; caret-color: rgb(55, 65, 81); color: rgb(55, 65, 81); font-family: S\u00f6hne, ui-sans-serif, system-ui, -apple-system, &quot;Segoe UI&quot;, Roboto, Ubuntu, Cantarell, &quot;Noto Sans&quot;, sans-serif, &quot;Helvetica Neue&quot;, Arial, &quot;Apple Color Emoji&quot;, &quot;Segoe UI Emoji&quot;, &quot;Segoe UI Symbol&quot;, &quot;Noto Color Emoji&quot;; white-space: pre-wrap;\">3.2 Una vez que recibamos los leggings devueltos y se verifique que cumplen con los requisitos mencionados en los puntos 1.2 o 2.2, procederemos a procesar el cambio o la devoluci\u00f3n en un plazo razonable.<\/p><p style=\"font-size: 16px; font-style: normal; border-style: solid; border-color: rgb(217, 217, 227); margin-top: 1.25em; margin-bottom: 1.25em; caret-color: rgb(55, 65, 81); color: rgb(55, 65, 81); font-family: S\u00f6hne, ui-sans-serif, system-ui, -apple-system, &quot;Segoe UI&quot;, Roboto, Ubuntu, Cantarell, &quot;Noto Sans&quot;, sans-serif, &quot;Helvetica Neue&quot;, Arial, &quot;Apple Color Emoji&quot;, &quot;Segoe UI Emoji&quot;, &quot;Segoe UI Symbol&quot;, &quot;Noto Color Emoji&quot;; white-space: pre-wrap;\">3.3 Lexi Leggings se reserva el derecho de rechazar cambios o devoluciones si los productos no cumplen con los criterios establecidos en esta pol\u00edtica o si se determina que ha habido un uso indebido o maltrato del producto por parte del cliente.<\/p><p style=\"font-size: 16px; font-style: normal; border-style: solid; border-color: rgb(217, 217, 227); margin-top: 1.25em; margin-bottom: 0px; caret-color: rgb(55, 65, 81); color: rgb(55, 65, 81); font-family: S\u00f6hne, ui-sans-serif, system-ui, -apple-system, &quot;Segoe UI&quot;, Roboto, Ubuntu, Cantarell, &quot;Noto Sans&quot;, sans-serif, &quot;Helvetica Neue&quot;, Arial, &quot;Apple Color Emoji&quot;, &quot;Segoe UI Emoji&quot;, &quot;Segoe UI Symbol&quot;, &quot;Noto Color Emoji&quot;; white-space: pre-wrap;\">\u00a1Agradecemos su confianza en Lexi Leggings! Estamos comprometidos a brindarle productos de calidad y un excelente servicio al cliente. Si tiene alguna pregunta adicional sobre nuestra pol\u00edtica de cambios y devoluciones, no dude en ponerse en contacto<\/p>\n<p>\n\n\n<\/p>","protected":false},"excerpt":{"rendered":"<p>Pol\u00edtica de cambios y devoluciones Lexi Leggings 2023 En Lexi Leggings, nos preocupamos por la satisfacci\u00f3n de nuestros clientes y queremos brindarles una experiencia de compra excepcional. Por lo tanto, hemos establecido la siguiente pol\u00edtica de cambios y devoluciones para garantizar que est\u00e9 satisfecho con su compra de leggings de nuestra marca. Cambios de Producto: &hellip;<\/p>\n<p class=\"read-more\"> <a class=\"\" href=\"https:\/\/lexileggings.com\/index.php\/cambios-y-devoluciones\/\"> <span class=\"screen-reader-text\">Pol\u00edtica de cambios y devoluciones<\/span> Leer m\u00e1s &raquo;<\/a><\/p>\n","protected":false},"author":1,"featured_media":0,"parent":0,"menu_order":0,"comment_status":"closed","ping_status":"closed","template":"","meta":{"site-sidebar-layout":"default","site-content-layout":"","ast-site-content-layout":"default","site-content-style":"default","site-sidebar-style":"default","ast-global-header-display":"","ast-banner-title-visibility":"","ast-main-header-display":"","ast-hfb-above-header-display":"","ast-hfb-below-header-display":"","ast-hfb-mobile-header-display":"","site-post-title":"disabled","ast-breadcrumbs-content":"","ast-featured-img":"","footer-sml-layout":"","theme-transparent-header-meta":"","adv-header-id-meta":"","stick-header-meta":"","header-above-stick-meta":"","header-main-stick-meta":"","header-below-stick-meta":"","astra-migrate-meta-layouts":"set","footnotes":""},"_links":{"self":[{"href":"https:\/\/lexileggings.com\/index.php\/wp-json\/wp\/v2\/pages\/2"}],"collection":[{"href":"https:\/\/lexileggings.com\/index.php\/wp-json\/wp\/v2\/pages"}],"about":[{"href":"https:\/\/lexileggings.com\/index.php\/wp-json\/wp\/v2\/types\/page"}],"author":[{"embeddable":true,"href":"https:\/\/lexileggings.com\/index.php\/wp-json\/wp\/v2\/users\/1"}],"replies":[{"embeddable":true,"href":"https:\/\/lexileggings.com\/index.php\/wp-json\/wp\/v2\/comments?post=2"}],"version-history":[{"count":7,"href":"https:\/\/lexileggings.com\/index.php\/wp-json\/wp\/v2\/pages\/2\/revisions"}],"predecessor-version":[{"id":1758,"href":"https:\/\/lexileggings.com\/index.php\/wp-json\/wp\/v2\/pages\/2\/revisions\/1758"}],"wp:attachment":[{"href":"https:\/\/lexileggings.com\/index.php\/wp-json\/wp\/v2\/media?parent=2"}],"curies":[{"name":"wp","href":"https:\/\/api.w.org\/{rel}","templated":true}]}}