{"id":64,"date":"2018-07-23T11:06:41","date_gmt":"2018-07-23T11:06:41","guid":{"rendered":"https:\/\/lexileggings.com\/index.php\/product\/air-pro-x3-green\/"},"modified":"2025-07-18T23:34:27","modified_gmt":"2025-07-18T23:34:27","slug":"air-pro-x3-green","status":"publish","type":"product","link":"https:\/\/lexileggings.com\/index.php\/product\/air-pro-x3-green\/","title":{"rendered":"Dark Side (legging negro para mujer)"},"content":{"rendered":"<p>Con nuestros Lexi Leggings Negros Cl\u00e1sicos, la elegancia y versatilidad se unen en perfecta armon\u00eda. Dise\u00f1ados para ofrecerte un ajuste impecable y un acabado sofisticado, estos leggings son tu aliado para cualquier momento del d\u00eda. Desde una sesi\u00f3n de yoga revitalizante hasta una cena elegante en la ciudad, estar\u00e1s preparada y luciendo impecable. Su dise\u00f1o cl\u00e1sico garantiza que siempre est\u00e9s a la vanguardia del estilo y la comodidad.<\/p>\n","protected":false},"excerpt":{"rendered":"<p>Con nuestros Lexi Leggings Negros Cl\u00e1sicos, la elegancia y versatilidad se unen en perfecta armon\u00eda. Dise\u00f1ados para ofrecerte un ajuste impecable y un acabado sofisticado, estos leggings son tu aliado para cualquier momento del d\u00eda. Desde una sesi\u00f3n de yoga revitalizante hasta una cena elegante en la ciudad, estar\u00e1s preparada y luciendo impecable. Su dise\u00f1o cl\u00e1sico garantiza que siempre est\u00e9s a la vanguardia del estilo y la comodidad.<\/p>\n","protected":false},"featured_media":1199,"comment_status":"open","ping_status":"closed","template":"","meta":{"site-sidebar-layout":"default","site-content-layout":"default","ast-site-content-layout":"default","site-content-style":"default","site-sidebar-style":"default","ast-global-header-display":"","ast-banner-title-visibility":"","ast-main-header-display":"","ast-hfb-above-header-display":"","ast-hfb-below-header-display":"","ast-hfb-mobile-header-display":"","site-post-title":"","ast-breadcrumbs-content":"","ast-featured-img":"","footer-sml-layout":"","theme-transparent-header-meta":"default","adv-header-id-meta":"","stick-header-meta":"default","header-above-stick-meta":"","header-main-stick-meta":"","header-below-stick-meta":"","astra-migrate-meta-layouts":"set"},"product_cat":[35],"product_tag":[],"_links":{"self":[{"href":"https:\/\/lexileggings.com\/index.php\/wp-json\/wp\/v2\/product\/64"}],"collection":[{"href":"https:\/\/lexileggings.com\/index.php\/wp-json\/wp\/v2\/product"}],"about":[{"href":"https:\/\/lexileggings.com\/index.php\/wp-json\/wp\/v2\/types\/product"}],"replies":[{"embeddable":true,"href":"https:\/\/lexileggings.com\/index.php\/wp-json\/wp\/v2\/comments?post=64"}],"wp:featuredmedia":[{"embeddable":true,"href":"https:\/\/lexileggings.com\/index.php\/wp-json\/wp\/v2\/media\/1199"}],"wp:attachment":[{"href":"https:\/\/lexileggings.com\/index.php\/wp-json\/wp\/v2\/media?parent=64"}],"wp:term":[{"taxonomy":"product_cat","embeddable":true,"href":"https:\/\/lexileggings.com\/index.php\/wp-json\/wp\/v2\/product_cat?post=64"},{"taxonomy":"product_tag","embeddable":true,"href":"https:\/\/lexileggings.com\/index.php\/wp-json\/wp\/v2\/product_tag?post=64"}],"curies":[{"name":"wp","href":"https:\/\/api.w.org\/{rel}","templated":true}]}}