{"id":65,"date":"2018-07-23T11:12:14","date_gmt":"2018-07-23T11:12:14","guid":{"rendered":"https:\/\/lexileggings.com\/index.php\/product\/air-pro-x3-whole-green\/"},"modified":"2025-11-06T04:44:30","modified_gmt":"2025-11-06T04:44:30","slug":"air-pro-x3-whole-green","status":"publish","type":"product","link":"https:\/\/lexileggings.com\/index.php\/product\/air-pro-x3-whole-green\/","title":{"rendered":"Classy duo (2 leggings negros para mujer)"},"content":{"rendered":"<p>Duplica la sofisticaci\u00f3n y versatilidad con dos pares de nuestros Lexi Leggings Negros Cl\u00e1sicos. Dise\u00f1ados con un ajuste perfecto y un acabado elegante, estos leggings son tu compa\u00f1ero ideal para cualquier evento. Ya sea que est\u00e9s buscando comodidad para una intensa sesi\u00f3n de yoga o deseas lucir chic para una cena especial, estos leggings se adaptan a ti. Con dos pares, siempre tendr\u00e1s uno listo para cualquier ocasi\u00f3n, garantizando que siempre est\u00e9s al m\u00e1ximo de tu estilo y comodidad.<\/p>\n","protected":false},"excerpt":{"rendered":"<p>Duplica la sofisticaci\u00f3n y versatilidad con dos pares de nuestros Lexi Leggings Negros Cl\u00e1sicos. Dise\u00f1ados con un ajuste perfecto y un acabado elegante, estos leggings son tu compa\u00f1ero ideal para cualquier evento. Ya sea que est\u00e9s buscando comodidad para una intensa sesi\u00f3n de yoga o deseas lucir chic para una cena especial, estos leggings se adaptan a ti. Con dos pares, siempre tendr\u00e1s uno listo para cualquier ocasi\u00f3n, garantizando que siempre est\u00e9s al m\u00e1ximo de tu estilo y comodidad.<\/p>\n","protected":false},"featured_media":1195,"comment_status":"open","ping_status":"closed","template":"","meta":{"site-sidebar-layout":"default","site-content-layout":"default","ast-site-content-layout":"default","site-content-style":"default","site-sidebar-style":"default","ast-global-header-display":"","ast-banner-title-visibility":"","ast-main-header-display":"","ast-hfb-above-header-display":"","ast-hfb-below-header-display":"","ast-hfb-mobile-header-display":"","site-post-title":"","ast-breadcrumbs-content":"","ast-featured-img":"","footer-sml-layout":"","theme-transparent-header-meta":"default","adv-header-id-meta":"","stick-header-meta":"default","header-above-stick-meta":"","header-main-stick-meta":"","header-below-stick-meta":"","astra-migrate-meta-layouts":"set"},"product_cat":[35],"product_tag":[],"_links":{"self":[{"href":"https:\/\/lexileggings.com\/index.php\/wp-json\/wp\/v2\/product\/65"}],"collection":[{"href":"https:\/\/lexileggings.com\/index.php\/wp-json\/wp\/v2\/product"}],"about":[{"href":"https:\/\/lexileggings.com\/index.php\/wp-json\/wp\/v2\/types\/product"}],"replies":[{"embeddable":true,"href":"https:\/\/lexileggings.com\/index.php\/wp-json\/wp\/v2\/comments?post=65"}],"wp:featuredmedia":[{"embeddable":true,"href":"https:\/\/lexileggings.com\/index.php\/wp-json\/wp\/v2\/media\/1195"}],"wp:attachment":[{"href":"https:\/\/lexileggings.com\/index.php\/wp-json\/wp\/v2\/media?parent=65"}],"wp:term":[{"taxonomy":"product_cat","embeddable":true,"href":"https:\/\/lexileggings.com\/index.php\/wp-json\/wp\/v2\/product_cat?post=65"},{"taxonomy":"product_tag","embeddable":true,"href":"https:\/\/lexileggings.com\/index.php\/wp-json\/wp\/v2\/product_tag?post=65"}],"curies":[{"name":"wp","href":"https:\/\/api.w.org\/{rel}","templated":true}]}}